{"id":59,"date":"2010-10-22T19:24:06","date_gmt":"2010-10-22T23:24:06","guid":{"rendered":"http:\/\/www.erudito.com.mx\/?page_id=59"},"modified":"2013-12-06T01:51:31","modified_gmt":"2013-12-06T01:51:31","slug":"nuestra-etica","status":"publish","type":"page","link":"https:\/\/www.semioticafactual.com\/?page_id=59","title":{"rendered":"FILOSOF\u00cdA"},"content":{"rendered":"<p style=\"text-align: justify;\">Trabajaremos siempre bajo el estricto respeto a la libertad de expresi\u00f3n de todos los ciudadanos, este derecho a continuaci\u00f3n se describe:<\/p>\n<p style=\"text-align: justify;\">La\u00a0<strong>libertad de expresi\u00f3n<\/strong> es un\u00a0derecho fundamental\u00a0o un\u00a0derecho humano, se\u00f1alado en el art\u00edculo 19\u00ba de la\u00a0Declaraci\u00f3n Universal de los Derechos Humanos\u00a0de 1948, y las constituciones\u00a0de los sistemas\u00a0democr\u00e1ticos, tambi\u00e9n lo se\u00f1alan. De ella deriva la\u00a0libertad de imprenta\u00a0tambi\u00e9n llamada libertad de prensa.<\/p>\n<p style=\"text-align: justify;\">En el Art\u00edculo 19 de la \u201cDeclaraci\u00f3n Universal de los Derechos Humanos\u201d, se lee: \u201cTodo individuo tiene derecho a la libertad de opini\u00f3n y expresi\u00f3n; este derecho incluye el de no ser molestado a causa de sus opiniones, el de investigar y de recibir informaciones y opiniones, y el de difundirlas, sin limitaci\u00f3n de fronteras, por cualquier medio de expresi\u00f3n.\u201d<\/p>\n<p style=\"text-align: justify;\">La \u201cConvenci\u00f3n Americana sobre Derechos Humanos\u00a0o Pacto de San Jos\u00e9 de Costa Rica\u201d de 1969, en el Art\u00edculo 13. se\u00f1ala:<\/p>\n<p style=\"text-align: justify;\">\u201cLibertad de pensamiento y de expresi\u00f3n.<\/p>\n<p style=\"text-align: justify;\">1. Toda persona tiene derecho a la libertad de pensamiento y de expresi\u00f3n. Este derecho comprende la libertad de buscar, recibir y difundir informaciones e ideas de toda \u00edndole, sin consideraciones de fronteras, ya sea oralmente, por escrito o en forma impresa o art\u00edstica, o por cualquier otro procedimiento de su elecci\u00f3n y gusto<\/p>\n<p style=\"text-align: justify;\">2. El ejercicio del derecho previsto en el inciso precedente no puede estar sujeto a previa censura, sino a responsabilidades ulteriores, las que deben estar expresamente fijadas por la ley y ser necesarias para asegurar:<\/p>\n<p style=\"text-align: justify;\">a) El respeto a los derechos o la reputaci\u00f3n de los dem\u00e1s, o<\/p>\n<p style=\"text-align: justify;\">b) La protecci\u00f3n de la seguridad nacional, el orden p\u00fablico o la salud o la moral p\u00fablicas.<\/p>\n<p style=\"text-align: justify;\">3. No se puede restringir el derecho de expresi\u00f3n por v\u00edas o medios indirectos, tales como el abuso de controles oficiales o particulares de papel para peri\u00f3dicos, de frecuencias radioel\u00e9ctricas o de enseres y aparatos usados en la difusi\u00f3n de informaci\u00f3n o por cualesquiera otros medios encaminados a impedir la comunicaci\u00f3n y la circulaci\u00f3n de ideas y opiniones.<\/p>\n<p style=\"text-align: justify;\">4. Los espect\u00e1culos p\u00fablicos pueden ser sometidos por la ley a censura previa con el exclusivo objeto de regular el acceso a ellos para la protecci\u00f3n moral de la infancia y la adolescencia, sin perjuicio de lo establecido en el inciso 2.<\/p>\n<p style=\"text-align: justify;\">5. Estar\u00e1 prohibida por la ley toda propaganda en favor de la guerra y toda apolog\u00eda del odio nacional, racial o religioso que constituyan incitaciones a la violencia o cualquier otra acci\u00f3n ilegal similar contra cualquier persona o grupo de personas, por ning\u00fan motivo, inclusive los de raza, color, religi\u00f3n u orig\u00e9n nacional.\u201d<\/p>\n<p style=\"text-align: justify;\">La prohibici\u00f3n de toda propaganda en favor de la guerra, tambi\u00e9n est\u00e1 consagrada en el \u201cPacto Internacional de Derechos Civiles y Pol\u00edticos\u201d.<\/p>\n<p style=\"text-align: justify;\">Por otra parte, existen otros derechos y libertades ( o \u201cderechos a la libertad de&#8230;\u201d, ejemplo: derecho a la libertad de reuni\u00f3n, manifestaci\u00f3n, ejercicio de cultos, etc) conjuntamente con el derecho a la libertad de expresi\u00f3n. As\u00ed el derecho a la libertad de expresi\u00f3n no es un derecho absoluto ni ilimitado, como tampoco lo es ning\u00fan otro derecho o libertad. Cada derecho o libertad ( derecho a la libertad de&#8230;) tiene un \u00e1mbito de desenvolvimiento y de compresi\u00f3n, y cada persona que ejerce un derecho, debe actuar dentro de ese \u00e1mbito de desenvolvimiento y de comprensi\u00f3n de dicho derecho. Actuar m\u00e1s all\u00e1 de dicho \u00e1mbito, es no actuar dentro de dicho derecho, sino fuera de el, con la posibilidad de quien act\u00faa de violar, vejar o atropellar derechos de otras personas, y es m\u00e1s grave a\u00fan cuando se trata de\u00a0derechos humanos\u00a0de las personas. El limite al derecho humano de la libertad de expresi\u00f3n, est\u00e1 dado por el respeto a otros derechos humanos de las personas.<br \/>\nConcordante con esto, la \u201cConvenci\u00f3n Americana sobre Derechos Humanos\u201d, expresa en su Art\u00edculo 11:<\/p>\n<p style=\"text-align: justify;\">\u201c Protecci\u00f3n de la honra y de la dignidad.<\/p>\n<p style=\"text-align: justify;\">1. Toda persona tiene derecho al respeto de su honra y al reconocimiento de su dignidad.<\/p>\n<p style=\"text-align: justify;\">2. Nadie puede ser objeto de injerencias arbitrarias o abusivas en su vida privada, en la de su familia, en su domicilio o en su correspondencia, ni de ataques ilegales a su honra o reputaci\u00f3n.<\/p>\n<p style=\"text-align: justify;\">3. Toda persona tiene derecho a la protecci\u00f3n de la ley contra esas injerencias o esos ataques.\u201d<\/p>\n<p style=\"text-align: justify;\">Y el Art.14 de dicha Convenci\u00f3n consagra el \u201cDerecho de rectificaci\u00f3n o respuesta\u201d, dice:<\/p>\n<p style=\"text-align: justify;\">\u201c Derecho de rectificaci\u00f3n o respuesta.<\/p>\n<p style=\"text-align: justify;\">1. Toda persona afectada por informaciones inexactas o agraviantes emitidas en su perjuicio a trav\u00e9s de medios de difusi\u00f3n legalmente reglamentados y que se dirijan al p\u00fablico en general tiene derecho a efectuar por el mismo \u00f3rgano de difusi\u00f3n su rectificaci\u00f3n o respuesta en las condiciones que establezca la ley.<\/p>\n<p style=\"text-align: justify;\">2. En ning\u00fan caso la rectificaci\u00f3n o la respuesta eximir\u00e1n de otras responsabilidades legales en que se hubiere incurrido.<\/p>\n<p style=\"text-align: justify;\">3. Para la efectiva protecci\u00f3n de la honra y la reputaci\u00f3n, toda publicaci\u00f3n o empresa period\u00edstica, cinematogr\u00e1fica, de radio o televisi\u00f3n tendr\u00e1 una persona responsable que no est\u00e9 protegida por inmunidades ni disponga de fuero especial.\u201d&#8230;<\/p>\n<p style=\"text-align: justify;\"><strong>www.semioticafactual.com <\/strong>no difundir\u00e1 im\u00e1genes que degraden la dignidad humana y\/o afecte a terceros, nuestro medio de comunicaci\u00f3n se abstendr\u00e1 de publicar material que afecte la sensibilidad de todo p\u00fablico, adem\u00e1s se omitir\u00e1n los nombres de menores de edad, as\u00ed como las generales de victimas de delitos sexuales y violencia intrafamiliar.<\/p>\n","protected":false},"excerpt":{"rendered":"<p>Trabajaremos siempre bajo el estricto respeto a la libertad de expresi\u00f3n de todos los ciudadanos, este derecho a continuaci\u00f3n se describe: La\u00a0libertad de expresi\u00f3n es un\u00a0derecho fundamental\u00a0o un\u00a0derecho humano, se\u00f1alado en el art\u00edculo 19\u00ba de la\u00a0Declaraci\u00f3n Universal de los Derechos Humanos\u00a0de 1948, y las constituciones\u00a0de los sistemas\u00a0democr\u00e1ticos, tambi\u00e9n lo se\u00f1alan. De ella deriva la\u00a0libertad de [&hellip;]<\/p>\n","protected":false},"author":1,"featured_media":0,"parent":0,"menu_order":0,"comment_status":"open","ping_status":"open","template":"","meta":{"jetpack_post_was_ever_published":false,"footnotes":""},"jetpack_shortlink":"https:\/\/wp.me\/P2mzaA-X","jetpack_sharing_enabled":true,"jetpack_likes_enabled":true,"_links":{"self":[{"href":"https:\/\/www.semioticafactual.com\/index.php?rest_route=\/wp\/v2\/pages\/59"}],"collection":[{"href":"https:\/\/www.semioticafactual.com\/index.php?rest_route=\/wp\/v2\/pages"}],"about":[{"href":"https:\/\/www.semioticafactual.com\/index.php?rest_route=\/wp\/v2\/types\/page"}],"author":[{"embeddable":true,"href":"https:\/\/www.semioticafactual.com\/index.php?rest_route=\/wp\/v2\/users\/1"}],"replies":[{"embeddable":true,"href":"https:\/\/www.semioticafactual.com\/index.php?rest_route=%2Fwp%2Fv2%2Fcomments&post=59"}],"version-history":[{"count":5,"href":"https:\/\/www.semioticafactual.com\/index.php?rest_route=\/wp\/v2\/pages\/59\/revisions"}],"predecessor-version":[{"id":12841,"href":"https:\/\/www.semioticafactual.com\/index.php?rest_route=\/wp\/v2\/pages\/59\/revisions\/12841"}],"wp:attachment":[{"href":"https:\/\/www.semioticafactual.com\/index.php?rest_route=%2Fwp%2Fv2%2Fmedia&parent=59"}],"curies":[{"name":"wp","href":"https:\/\/api.w.org\/{rel}","templated":true}]}}