{"id":5,"date":"2009-06-11T10:58:50","date_gmt":"2009-06-11T14:58:50","guid":{"rendered":"http:\/\/www.erudito.com.mx\/?page_id=2"},"modified":"2022-07-08T17:23:03","modified_gmt":"2022-07-08T17:23:03","slug":"sobre-nosotros","status":"publish","type":"page","link":"https:\/\/www.semioticafactual.com\/?page_id=5","title":{"rendered":"SOBRE NOSOTROS"},"content":{"rendered":"\n<p>L.C.C. Carlos Armando Briones Armenta.<\/p>\n\n\n\n<p>DIRECTOR DEL PORTAL SEMIOTICAFACTUAL.COM<\/p>\n\n\n<p>Semioticafactual.com es un portal de noticias en linea que naci\u00f3 en el estado de Sonora el a\u00f1o 2014, creado y administrado por Carlos Armando Briones Armenta Licenciado en Ciencias de la comunicaci\u00f3n por la Universidad Aut\u00f3noma de Occidente Los Mochis, Sinaloa. La cobertura informativa es principalmente del acontecer en todo el estado de Sonora , sobre las fuentes informativas de pol\u00edtica, social y seguridad p\u00fablica, tambi\u00e9n cubrimos las fuentes informativas del Congreso de Sonora, Gobierno de Sonora, partidos pol\u00edticos, derechos humanos y los diferentes municipios en el estado.<\/p>\n<p style=\"text-align: center;\"><strong>Peri\u00f3dico en linea <strong>www.semioticafactual.com<\/strong> nace con la intenci\u00f3n de ser un medio de comunicaci\u00f3n vanguardista en m\u00e9todos de investigaci\u00f3n period\u00edstica, los tiempos que actualmente vive el periodismo regional exige mayor cuidado en las formas.<\/strong><\/p>\n<p style=\"text-align: center;\"><strong>Las pol\u00edticas de algunos medios de comunicaci\u00f3n, promueven la autocensura y la censura en alguna de sus otras variantes, siempre apang\u00e1ndose los intereses de la empresa y no al rol que socialmente deber\u00edan tener, los medios dejan de lado su funci\u00f3n informativa para volverse anunciante y promotor de los hechos, este medio e<\/strong><strong>s otro oportunidad, una alternativa.<\/strong><\/p>\n<p style=\"text-align: center;\"><strong>Este espacio es libre, aqu\u00ed no hay jefes, no hay l\u00ednea, no hay intereses econ\u00f3micos y tampoco del \u00e1mbito pol\u00edtico.<\/strong><\/p>\n<p style=\"text-align: center;\"><strong>Bienvenidos todos, libres todos.<\/strong><\/p>\n<p style=\"text-align: center;\"><strong>Nuestra misi\u00f3n.<\/strong><\/p>\n<p style=\"text-align: center;\"><strong>Ser un medio de comunicaci\u00f3n de prestigio con la premisa de que el derecho de los ciudadanos es primero, servir como plataforma de expresi\u00f3n para todos los sectores sociales con la mejor plataforma tecnol\u00f3gica.<\/strong><\/p>\n<p style=\"text-align: center;\">\u00a0<\/p>\n<p style=\"text-align: center;\"><strong>Nuestra visi\u00f3n<\/strong><\/p>\n<p style=\"text-align: center;\"><strong>Consolidarnos como un respaldo social y period\u00edstico para nuestra regi\u00f3n. Extendernos en cobertura y ser una alternativa firme para tener otra perspectiva de los hechos que repercuten en todos los \u00e1mbitos.<\/strong><\/p>\n<p style=\"text-align: center;\">\u00a0<\/p>\n<p style=\"text-align: left;\"><strong><em>\u00a0<\/em><\/strong><\/p>\n<p style=\"text-align: left;\">\u00a0<\/p>\n<p style=\"text-align: center;\"><strong>\u00a0<\/strong><\/p>","protected":false},"excerpt":{"rendered":"<p>L.C.C. Carlos Armando Briones Armenta. DIRECTOR DEL PORTAL SEMIOTICAFACTUAL.COM Semioticafactual.com es un portal de noticias en linea que naci\u00f3 en el estado de Sonora el a\u00f1o 2014, creado y administrado por Carlos Armando Briones Armenta Licenciado en Ciencias de la comunicaci\u00f3n por la Universidad Aut\u00f3noma de Occidente Los Mochis, Sinaloa. La cobertura informativa es principalmente [&hellip;]<\/p>\n","protected":false},"author":1,"featured_media":0,"parent":0,"menu_order":0,"comment_status":"open","ping_status":"closed","template":"","meta":{"jetpack_post_was_ever_published":false,"footnotes":""},"jetpack_shortlink":"https:\/\/wp.me\/P2mzaA-5","jetpack_sharing_enabled":true,"jetpack_likes_enabled":true,"_links":{"self":[{"href":"https:\/\/www.semioticafactual.com\/index.php?rest_route=\/wp\/v2\/pages\/5"}],"collection":[{"href":"https:\/\/www.semioticafactual.com\/index.php?rest_route=\/wp\/v2\/pages"}],"about":[{"href":"https:\/\/www.semioticafactual.com\/index.php?rest_route=\/wp\/v2\/types\/page"}],"author":[{"embeddable":true,"href":"https:\/\/www.semioticafactual.com\/index.php?rest_route=\/wp\/v2\/users\/1"}],"replies":[{"embeddable":true,"href":"https:\/\/www.semioticafactual.com\/index.php?rest_route=%2Fwp%2Fv2%2Fcomments&post=5"}],"version-history":[{"count":7,"href":"https:\/\/www.semioticafactual.com\/index.php?rest_route=\/wp\/v2\/pages\/5\/revisions"}],"predecessor-version":[{"id":36325,"href":"https:\/\/www.semioticafactual.com\/index.php?rest_route=\/wp\/v2\/pages\/5\/revisions\/36325"}],"wp:attachment":[{"href":"https:\/\/www.semioticafactual.com\/index.php?rest_route=%2Fwp%2Fv2%2Fmedia&parent=5"}],"curies":[{"name":"wp","href":"https:\/\/api.w.org\/{rel}","templated":true}]}}